{"id":1702,"date":"2023-06-17T11:41:12","date_gmt":"2023-06-17T15:41:12","guid":{"rendered":"https:\/\/www.falkbuiltmtl.ca\/a-propos-de-nous\/"},"modified":"2023-10-05T11:33:45","modified_gmt":"2023-10-05T15:33:45","slug":"a-propos-de-nous","status":"publish","type":"page","link":"https:\/\/www.falkbuiltmtl.ca\/fr\/a-propos-de-nous\/","title":{"rendered":"\u00c0 propos de nous"},"content":{"rendered":"","protected":false},"excerpt":{"rendered":"","protected":false},"author":4,"featured_media":1414,"parent":0,"menu_order":0,"comment_status":"closed","ping_status":"closed","template":"","meta":{"_acf_changed":false,"footnotes":""},"class_list":["post-1702","page","type-page","status-publish","has-post-thumbnail","hentry"],"acf":[],"yoast_head":"<!-- This site is optimized with the Yoast SEO plugin v27.4 - https:\/\/yoast.com\/product\/yoast-seo-wordpress\/ -->\n<title>\u00c0 propos de nous - Falkbuilt Montr\u00e9al-Qu\u00e9bec-Ottawa<\/title>\n<meta name=\"robots\" content=\"index, follow, max-snippet:-1, max-image-preview:large, max-video-preview:-1\" \/>\n<link rel=\"canonical\" href=\"https:\/\/www.falkbuiltmtl.ca\/fr\/a-propos-de-nous\/\" \/>\n<meta property=\"og:locale\" content=\"fr_FR\" \/>\n<meta property=\"og:type\" content=\"article\" \/>\n<meta property=\"og:title\" content=\"\u00c0 propos de nous - Falkbuilt Montr\u00e9al-Qu\u00e9bec-Ottawa\" \/>\n<meta property=\"og:url\" content=\"https:\/\/www.falkbuiltmtl.ca\/fr\/a-propos-de-nous\/\" \/>\n<meta property=\"og:site_name\" content=\"Falkbuilt Montr\u00e9al-Qu\u00e9bec-Ottawa\" \/>\n<meta property=\"article:modified_time\" content=\"2023-10-05T15:33:45+00:00\" \/>\n<meta property=\"og:image\" content=\"https:\/\/www.falkbuiltmtl.ca\/wp-content\/uploads\/2023\/05\/Falkbuilt-bkg-header.jpg\" \/>\n\t<meta property=\"og:image:width\" content=\"1600\" \/>\n\t<meta property=\"og:image:height\" content=\"579\" \/>\n\t<meta property=\"og:image:type\" content=\"image\/jpeg\" \/>\n<meta name=\"twitter:card\" content=\"summary_large_image\" \/>\n<script type=\"application\/ld+json\" class=\"yoast-schema-graph\">{\"@context\":\"https:\\\/\\\/schema.org\",\"@graph\":[{\"@type\":\"WebPage\",\"@id\":\"https:\\\/\\\/www.falkbuiltmtl.ca\\\/fr\\\/a-propos-de-nous\\\/\",\"url\":\"https:\\\/\\\/www.falkbuiltmtl.ca\\\/fr\\\/a-propos-de-nous\\\/\",\"name\":\"\u00c0 propos de nous - Falkbuilt Montr\u00e9al-Qu\u00e9bec-Ottawa\",\"isPartOf\":{\"@id\":\"https:\\\/\\\/www.falkbuiltmtl.ca\\\/fr\\\/#website\"},\"primaryImageOfPage\":{\"@id\":\"https:\\\/\\\/www.falkbuiltmtl.ca\\\/fr\\\/a-propos-de-nous\\\/#primaryimage\"},\"image\":{\"@id\":\"https:\\\/\\\/www.falkbuiltmtl.ca\\\/fr\\\/a-propos-de-nous\\\/#primaryimage\"},\"thumbnailUrl\":\"https:\\\/\\\/www.falkbuiltmtl.ca\\\/wp-content\\\/uploads\\\/2023\\\/05\\\/Falkbuilt-bkg-header.jpg\",\"datePublished\":\"2023-06-17T15:41:12+00:00\",\"dateModified\":\"2023-10-05T15:33:45+00:00\",\"breadcrumb\":{\"@id\":\"https:\\\/\\\/www.falkbuiltmtl.ca\\\/fr\\\/a-propos-de-nous\\\/#breadcrumb\"},\"inLanguage\":\"fr-FR\",\"potentialAction\":[{\"@type\":\"ReadAction\",\"target\":[\"https:\\\/\\\/www.falkbuiltmtl.ca\\\/fr\\\/a-propos-de-nous\\\/\"]}]},{\"@type\":\"ImageObject\",\"inLanguage\":\"fr-FR\",\"@id\":\"https:\\\/\\\/www.falkbuiltmtl.ca\\\/fr\\\/a-propos-de-nous\\\/#primaryimage\",\"url\":\"https:\\\/\\\/www.falkbuiltmtl.ca\\\/wp-content\\\/uploads\\\/2023\\\/05\\\/Falkbuilt-bkg-header.jpg\",\"contentUrl\":\"https:\\\/\\\/www.falkbuiltmtl.ca\\\/wp-content\\\/uploads\\\/2023\\\/05\\\/Falkbuilt-bkg-header.jpg\",\"width\":1600,\"height\":579},{\"@type\":\"BreadcrumbList\",\"@id\":\"https:\\\/\\\/www.falkbuiltmtl.ca\\\/fr\\\/a-propos-de-nous\\\/#breadcrumb\",\"itemListElement\":[{\"@type\":\"ListItem\",\"position\":1,\"name\":\"Home\",\"item\":\"https:\\\/\\\/www.falkbuiltmtl.ca\\\/fr\\\/accueil\\\/\"},{\"@type\":\"ListItem\",\"position\":2,\"name\":\"\u00c0 propos de nous\"}]},{\"@type\":\"WebSite\",\"@id\":\"https:\\\/\\\/www.falkbuiltmtl.ca\\\/fr\\\/#website\",\"url\":\"https:\\\/\\\/www.falkbuiltmtl.ca\\\/fr\\\/\",\"name\":\"Falkbuilt Montr\u00e9al-Qu\u00e9bec-Ottawa\",\"description\":\"Sp\u00e9cialiste en construction int\u00e9rieur commercial\",\"publisher\":{\"@id\":\"https:\\\/\\\/www.falkbuiltmtl.ca\\\/fr\\\/#organization\"},\"potentialAction\":[{\"@type\":\"SearchAction\",\"target\":{\"@type\":\"EntryPoint\",\"urlTemplate\":\"https:\\\/\\\/www.falkbuiltmtl.ca\\\/fr\\\/?s={search_term_string}\"},\"query-input\":{\"@type\":\"PropertyValueSpecification\",\"valueRequired\":true,\"valueName\":\"search_term_string\"}}],\"inLanguage\":\"fr-FR\"},{\"@type\":\"Organization\",\"@id\":\"https:\\\/\\\/www.falkbuiltmtl.ca\\\/fr\\\/#organization\",\"name\":\"Falkbuilt Montr\u00e9al-Qu\u00e9bec-Ottawa\",\"url\":\"https:\\\/\\\/www.falkbuiltmtl.ca\\\/fr\\\/\",\"logo\":{\"@type\":\"ImageObject\",\"inLanguage\":\"fr-FR\",\"@id\":\"https:\\\/\\\/www.falkbuiltmtl.ca\\\/fr\\\/#\\\/schema\\\/logo\\\/image\\\/\",\"url\":\"https:\\\/\\\/www.falkbuiltmtl.ca\\\/wp-content\\\/uploads\\\/2021\\\/11\\\/falk-built-logo.png\",\"contentUrl\":\"https:\\\/\\\/www.falkbuiltmtl.ca\\\/wp-content\\\/uploads\\\/2021\\\/11\\\/falk-built-logo.png\",\"width\":537,\"height\":189,\"caption\":\"Falkbuilt Montr\u00e9al-Qu\u00e9bec-Ottawa\"},\"image\":{\"@id\":\"https:\\\/\\\/www.falkbuiltmtl.ca\\\/fr\\\/#\\\/schema\\\/logo\\\/image\\\/\"}}]}<\/script>\n<!-- \/ Yoast SEO plugin. -->","yoast_head_json":{"title":"\u00c0 propos de nous - Falkbuilt Montr\u00e9al-Qu\u00e9bec-Ottawa","robots":{"index":"index","follow":"follow","max-snippet":"max-snippet:-1","max-image-preview":"max-image-preview:large","max-video-preview":"max-video-preview:-1"},"canonical":"https:\/\/www.falkbuiltmtl.ca\/fr\/a-propos-de-nous\/","og_locale":"fr_FR","og_type":"article","og_title":"\u00c0 propos de nous - Falkbuilt Montr\u00e9al-Qu\u00e9bec-Ottawa","og_url":"https:\/\/www.falkbuiltmtl.ca\/fr\/a-propos-de-nous\/","og_site_name":"Falkbuilt Montr\u00e9al-Qu\u00e9bec-Ottawa","article_modified_time":"2023-10-05T15:33:45+00:00","og_image":[{"width":1600,"height":579,"url":"https:\/\/www.falkbuiltmtl.ca\/wp-content\/uploads\/2023\/05\/Falkbuilt-bkg-header.jpg","type":"image\/jpeg"}],"twitter_card":"summary_large_image","schema":{"@context":"https:\/\/schema.org","@graph":[{"@type":"WebPage","@id":"https:\/\/www.falkbuiltmtl.ca\/fr\/a-propos-de-nous\/","url":"https:\/\/www.falkbuiltmtl.ca\/fr\/a-propos-de-nous\/","name":"\u00c0 propos de nous - Falkbuilt Montr\u00e9al-Qu\u00e9bec-Ottawa","isPartOf":{"@id":"https:\/\/www.falkbuiltmtl.ca\/fr\/#website"},"primaryImageOfPage":{"@id":"https:\/\/www.falkbuiltmtl.ca\/fr\/a-propos-de-nous\/#primaryimage"},"image":{"@id":"https:\/\/www.falkbuiltmtl.ca\/fr\/a-propos-de-nous\/#primaryimage"},"thumbnailUrl":"https:\/\/www.falkbuiltmtl.ca\/wp-content\/uploads\/2023\/05\/Falkbuilt-bkg-header.jpg","datePublished":"2023-06-17T15:41:12+00:00","dateModified":"2023-10-05T15:33:45+00:00","breadcrumb":{"@id":"https:\/\/www.falkbuiltmtl.ca\/fr\/a-propos-de-nous\/#breadcrumb"},"inLanguage":"fr-FR","potentialAction":[{"@type":"ReadAction","target":["https:\/\/www.falkbuiltmtl.ca\/fr\/a-propos-de-nous\/"]}]},{"@type":"ImageObject","inLanguage":"fr-FR","@id":"https:\/\/www.falkbuiltmtl.ca\/fr\/a-propos-de-nous\/#primaryimage","url":"https:\/\/www.falkbuiltmtl.ca\/wp-content\/uploads\/2023\/05\/Falkbuilt-bkg-header.jpg","contentUrl":"https:\/\/www.falkbuiltmtl.ca\/wp-content\/uploads\/2023\/05\/Falkbuilt-bkg-header.jpg","width":1600,"height":579},{"@type":"BreadcrumbList","@id":"https:\/\/www.falkbuiltmtl.ca\/fr\/a-propos-de-nous\/#breadcrumb","itemListElement":[{"@type":"ListItem","position":1,"name":"Home","item":"https:\/\/www.falkbuiltmtl.ca\/fr\/accueil\/"},{"@type":"ListItem","position":2,"name":"\u00c0 propos de nous"}]},{"@type":"WebSite","@id":"https:\/\/www.falkbuiltmtl.ca\/fr\/#website","url":"https:\/\/www.falkbuiltmtl.ca\/fr\/","name":"Falkbuilt Montr\u00e9al-Qu\u00e9bec-Ottawa","description":"Sp\u00e9cialiste en construction int\u00e9rieur commercial","publisher":{"@id":"https:\/\/www.falkbuiltmtl.ca\/fr\/#organization"},"potentialAction":[{"@type":"SearchAction","target":{"@type":"EntryPoint","urlTemplate":"https:\/\/www.falkbuiltmtl.ca\/fr\/?s={search_term_string}"},"query-input":{"@type":"PropertyValueSpecification","valueRequired":true,"valueName":"search_term_string"}}],"inLanguage":"fr-FR"},{"@type":"Organization","@id":"https:\/\/www.falkbuiltmtl.ca\/fr\/#organization","name":"Falkbuilt Montr\u00e9al-Qu\u00e9bec-Ottawa","url":"https:\/\/www.falkbuiltmtl.ca\/fr\/","logo":{"@type":"ImageObject","inLanguage":"fr-FR","@id":"https:\/\/www.falkbuiltmtl.ca\/fr\/#\/schema\/logo\/image\/","url":"https:\/\/www.falkbuiltmtl.ca\/wp-content\/uploads\/2021\/11\/falk-built-logo.png","contentUrl":"https:\/\/www.falkbuiltmtl.ca\/wp-content\/uploads\/2021\/11\/falk-built-logo.png","width":537,"height":189,"caption":"Falkbuilt Montr\u00e9al-Qu\u00e9bec-Ottawa"},"image":{"@id":"https:\/\/www.falkbuiltmtl.ca\/fr\/#\/schema\/logo\/image\/"}}]}},"_links":{"self":[{"href":"https:\/\/www.falkbuiltmtl.ca\/fr\/wp-json\/wp\/v2\/pages\/1702","targetHints":{"allow":["GET"]}}],"collection":[{"href":"https:\/\/www.falkbuiltmtl.ca\/fr\/wp-json\/wp\/v2\/pages"}],"about":[{"href":"https:\/\/www.falkbuiltmtl.ca\/fr\/wp-json\/wp\/v2\/types\/page"}],"author":[{"embeddable":true,"href":"https:\/\/www.falkbuiltmtl.ca\/fr\/wp-json\/wp\/v2\/users\/4"}],"replies":[{"embeddable":true,"href":"https:\/\/www.falkbuiltmtl.ca\/fr\/wp-json\/wp\/v2\/comments?post=1702"}],"version-history":[{"count":0,"href":"https:\/\/www.falkbuiltmtl.ca\/fr\/wp-json\/wp\/v2\/pages\/1702\/revisions"}],"wp:featuredmedia":[{"embeddable":true,"href":"https:\/\/www.falkbuiltmtl.ca\/fr\/wp-json\/wp\/v2\/media\/1414"}],"wp:attachment":[{"href":"https:\/\/www.falkbuiltmtl.ca\/fr\/wp-json\/wp\/v2\/media?parent=1702"}],"curies":[{"name":"wp","href":"https:\/\/api.w.org\/{rel}","templated":true}]}}